{"id":994,"date":"2026-04-13T15:21:28","date_gmt":"2026-04-13T15:21:28","guid":{"rendered":"https:\/\/floralexperience.es\/contacto\/"},"modified":"2026-04-13T15:21:28","modified_gmt":"2026-04-13T15:21:28","slug":"contacto","status":"publish","type":"page","link":"https:\/\/floralexperience.es\/en\/contacto\/","title":{"rendered":"Contact"},"content":{"rendered":"","protected":false},"excerpt":{"rendered":"<p>Contacta con Floral Experience por WhatsApp, tel\u00e9fono o vis\u00edtanos en nuestro atelier en La Cala de Mijas, M\u00e1laga.<\/p>\n","protected":false},"author":0,"featured_media":0,"parent":0,"menu_order":0,"comment_status":"closed","ping_status":"closed","template":"","meta":{"footnotes":""},"class_list":["post-994","page","type-page","status-publish","hentry"],"_links":{"self":[{"href":"https:\/\/floralexperience.es\/en\/wp-json\/wp\/v2\/pages\/994","targetHints":{"allow":["GET"]}}],"collection":[{"href":"https:\/\/floralexperience.es\/en\/wp-json\/wp\/v2\/pages"}],"about":[{"href":"https:\/\/floralexperience.es\/en\/wp-json\/wp\/v2\/types\/page"}],"replies":[{"embeddable":true,"href":"https:\/\/floralexperience.es\/en\/wp-json\/wp\/v2\/comments?post=994"}],"version-history":[{"count":0,"href":"https:\/\/floralexperience.es\/en\/wp-json\/wp\/v2\/pages\/994\/revisions"}],"wp:attachment":[{"href":"https:\/\/floralexperience.es\/en\/wp-json\/wp\/v2\/media?parent=994"}],"curies":[{"name":"wp","href":"https:\/\/api.w.org\/{rel}","templated":true}]}}